{"id":3,"date":"2022-08-08T10:05:03","date_gmt":"2022-08-08T10:05:03","guid":{"rendered":"http:\/\/nuevasideas.es\/\/?page_id=3"},"modified":"2023-12-04T09:31:38","modified_gmt":"2023-12-04T08:31:38","slug":"politica-de-privacidad","status":"publish","type":"page","link":"https:\/\/nuevasideas.es\/index.php\/politica-de-privacidad","title":{"rendered":"Pol\u00edtica de Privacidad"},"content":{"rendered":"<h3>Condiciones generales de utilizaci\u00f3n de esta p\u00e1gina web<\/h3>\n<div>El presente aviso legal recoge las condiciones generales que rigen el acceso y el uso de este sitio web.<br \/>\u00a0<br \/>El uso de la p\u00e1gina web implica la expresa y plena aceptaci\u00f3n de estas condiciones generales en la versi\u00f3n publicada en el momento en que el usuario acceda al mismo, sin perjuicio de las condiciones particulares que pudieran aplicarse a algunos de los servicios concretos del sitio web.<br \/>\u00a0<br \/>\u00a0<\/p>\n<h3>Pol\u00edtica de Propiedad Intelectual<\/h3>\n<p>Manuel C\u00e1rdenas Thorlund (en los sucesivo NUEVAS IDEAS) no puede asumir ninguna responsabilidad derivada del uso incorrecto, inapropiado o il\u00edcito de la informaci\u00f3n aparecida en las p\u00e1ginas de Internet de www.nuevasideas.es. \u00a0Con los l\u00edmites establecidos en la ley, NUEVAS IDEAS no asume ninguna responsabilidad derivada de la falta de veracidad, integridad, actualizaci\u00f3n y precisi\u00f3n o informaciones que se contienen en sus p\u00e1ginas de Internet.<\/p>\n<p>NUEVAS IDEAS no asumir\u00e1 ninguna responsabilidad derivada del uso por terceros del contenido del sitio web y podr\u00e1 ejercitar todas las acciones civiles o penales que le correspondan en caso de infracci\u00f3n de estos derechos por parte del usuario.<\/p>\n<p>La p\u00e1gina de Internet de www.nuevasideas.es puede contener enlaces (links) a otras p\u00e1ginas de terceros que NUEVAS IDEAS no puede controlar. Por lo tanto, NUEVAS IDEAS no puede asumir responsabilidades por el contenido que pueda aparecer en las p\u00e1ginas de terceros.<\/p>\n<p>Los textos, im\u00e1genes, sonidos, animaciones, software, dise\u00f1o, c\u00f3digo de fuente y el resto de contenidos incluidos www.nuevasideas.es. son propiedad exclusiva de NUEVAS IDEAS o de sus propietarios. Cualquier acto de transmisi\u00f3n, modificaci\u00f3n, distribuci\u00f3n, cesi\u00f3n, reproducci\u00f3n, almacenamiento o comunicaci\u00f3n p\u00fablica total o parcial, debe contar con el consentimiento expreso de CLIENTE.<\/p>\n<p>NUEVAS IDEAS no se hace responsable de la informaci\u00f3n y contenidos almacenados, a t\u00edtulo enunciativo pero no limitativo, en foros, chats, generadores de blogs, comentarios, redes sociales o cualesquiera otro medio que permita a terceros publicar contenidos de forma independiente en la p\u00e1gina web de NUEVAS IDEAS. No obstante y en cumplimiento de lo dispuesto en el art. 11 y 16 de la LSSI-CE, AUCO se pone a disposici\u00f3n de todos los usuarios, autoridades y fuerzas de seguridad, y colaborando de forma activa en la retirada o en su caso bloqueo de todos aquellos contenidos que pudieran afectar o contravenir la legislaci\u00f3n nacional, o internacional, derechos de terceros o la moral y el orden p\u00fablico. En caso de que el usuario considere que existe en el sitio web alg\u00fan contenido que pudiera ser susceptible de esta clasificaci\u00f3n, se ruega lo notifique de forma inmediata al administrador del sitio web.<\/p>\n<p>Este sitio web ha sido revisado y probado para que funcione correctamente. En principio, puede garantizarse el correcto funcionamiento los 365 d\u00edas del a\u00f1o, 24 horas al d\u00eda. No obstante, NUEVAS IDEAS no descarta la posibilidad de que existan ciertos errores de programaci\u00f3n, o que acontezcan causas de fuerza mayor, cat\u00e1strofes naturales, huelgas, o circunstancias semejantes que hagan imposible el acceso a la p\u00e1gina web.<br \/>\u00a0<\/p>\n<h3>Enlaces con otros sitios WEB<\/h3>\n<p>NUEVAS IDEAS ofrece enlaces con otros sitios Web que entendemos que pueden ser de utilidad para los usuarios.<br \/>En los mencionados enlaces no se aplica los t\u00e9rminos y condiciones de esta pol\u00edtica de privacidad y confidencialidad por tanto la inclusi\u00f3n no implica obligaci\u00f3n por parte de NUEVAS IDEAS de acceder a los productos o servicios que en ellas se anuncian o venden.<\/p>\n<p>\u00a0<\/p>\n<h3>Informaci\u00f3n para dar Cumplimento a la Reglamento Europeo de protecci\u00f3n de datos<\/h3>\n<p><strong>1.\u00a0Responsable<\/strong><\/p>\n<p>Raz\u00f3n Social: MANUEL CARDENAS THORLUND<br \/>CIF: 28621562V<br \/>Domicilio: Plaza de la Constituci\u00f3n 3 bajo, 23680 Alcal\u00e1 la Real (Ja\u00e9n)<br \/>Correo electr\u00f3nico: nuevasideas@nuevasideas.es\u00a0<br \/>\u00a0<\/p>\n<p><strong>2. Finalidad<\/strong><\/p>\n<p>En NUEVAS IDEAS tratamos la informaci\u00f3n que nos facilitan las personas interesadas con el fin de estudiar sus procesos empresariales y ofrecer mejoras a trav\u00e9s de la aplicaci\u00f3n de sistemas de informaci\u00f3n personalizados.<br \/>\u00a0<br \/>La no aceptaci\u00f3n de esta finalidad conlleva que no podremos informarle sobre nuestras novedades y eventos.<br \/>\u00a0<br \/>No guardaremos sus datos personales para ning\u00fan fin durante m\u00e1s tiempo del necesario y solo conservaremos los datos personales necesarios en relaci\u00f3n con dicho fin. Adem\u00e1s, tenemos que mantener cierta informaci\u00f3n de acuerdo con la ley o durante el tiempo que sea razonablemente necesario para cumplir con los requisitos normativos, resolver litigios, evitar fraudes y abusos o hacer cumplir nuestros t\u00e9rminos y condiciones.<br \/>\u00a0<br \/>Los datos personales proporcionados se conservar\u00e1n mientras se mantenga la relaci\u00f3n mercantil o comercial y\u00a0 no se solicite su supresi\u00f3n por el interesado.<br \/>\u00a0<\/p>\n<p><strong>3. Legitimaci\u00f3n<\/strong><\/p>\n<p>La base legal para el tratamiento de sus datos es, por un lado, la ejecuci\u00f3n del contrato mercantil principal seg\u00fan los t\u00e9rminos y condiciones que constan en el mismo; y por otro, el consentimiento libre y voluntario del interesado.<\/p>\n<p>La oferta prospectiva de productos y servicios est\u00e1 basada en el consentimiento que se le solicita y en el inter\u00e9s leg\u00edtimo.<\/p>\n<p><strong>4. Destinatarios<\/strong><\/p>\n<p>NUEVAS IDEAS no ceder\u00e1 sus datos a ning\u00fan tercero.\u00a0<br \/>\u00a0<br \/><strong>5.\u00a0 Derechos<\/strong><br \/>\u00a0<\/p>\n<ul>\n<li style=\"list-style-type: none;\">\n<ul>\n<li>Cualquier persona tiene derecho a obtener confirmaci\u00f3n sobre si en NUEVAS IDEASestamos tratando datos personales que les conciernan, y a la siguiente informaci\u00f3n: los fines del tratamiento; las categor\u00edas de los datos que se tratan; los destinatarios o las categor\u00edas de destinatarios a los que se han comunicado o ser\u00e1n comunicados; de ser posible, el plazo previsto de conservaci\u00f3n de los datos personales o, de no ser posible, los criterios utilizados para determinar este plazo.<\/li>\n<li>Las personas interesadas tienen derecho a acceder a sus datos personales, as\u00ed como a solicitar la rectificaci\u00f3n de los datos inexactos o, en su caso, solicitar su supresi\u00f3n cuando, entre otros motivos, los datos ya no sean necesarios para los fines que fueron recogidos.<\/li>\n<li>Los interesados podr\u00e1n solicitar la supresi\u00f3n de los datos personales que le conciernen cuando concurra una de las circunstancias siguientes: que no sean necesarios en relaci\u00f3n con los fines para los que fueron recogidos o tratados; que retire el consentimiento y el tratamiento no se base en otro fundamento jur\u00eddico; que se oponga al tratamiento y no prevalezcan otros motivos leg\u00edtimos para el tratamiento; que hayan sido tratados il\u00edcitamente.<\/li>\n<li>En determinadas circunstancias, los interesados podr\u00e1n solicitar la limitaci\u00f3n del tratamiento de sus datos, en cuyo caso \u00fanicamente los conservaremos para el ejercicio o la defensa de reclamaciones.<\/li>\n<li>\u00a0En determinadas circunstancias y por motivos relacionados con su situaci\u00f3n particular, los interesados podr\u00e1n oponerse al tratamiento de sus datos. NUEVAS IDEAS dejar\u00e1 de tratar los datos, salvo por motivos leg\u00edtimos imperiosos, o el ejercicio o la defensa de posibles reclamaciones.<\/li>\n<li>\u00a0Las personas interesadas tienen derecho a la portabilidad, que implica que los datos personales del interesado se transmitan directamente de un responsable a otro, sin necesidad de que sean transmitidos previamente al propio interesado, siempre que ello sea t\u00e9cnicamente posible.<\/li>\n<li>Las personas interesadas tienen derecho a retirar el consentimiento prestado en cualquier momento.<\/li>\n<li>Las personas interesadas tienen derecho a reclamar ante la Autoridad de Control.<\/li>\n<\/ul>\n<\/li>\n<\/ul>\n<p>\u00a0<br \/>Tambi\u00e9n puede informarse en la Gu\u00eda para el Ciudadano editada por la Agencia Espa\u00f1ola de Protecci\u00f3n de Datos mediante\u00a0<a href=\"http:\/\/www.agpd.es\/portalwebAGPD\/canaldocumentacion\/publicaciones\/common\/Guias\/GUIA_CIUDADANO.pdf\" target=\"_blank\" rel=\"noopener\">este enlace<\/a>.<\/div>\n","protected":false},"excerpt":{"rendered":"<p>Condiciones generales de utilizaci\u00f3n de esta p\u00e1gina web El presente aviso legal recoge las condiciones generales que rigen el acceso y el uso de este sitio web.\u00a0El uso de la p\u00e1gina web implica la expresa y plena aceptaci\u00f3n de estas condiciones generales en la versi\u00f3n publicada en el momento en que el usuario acceda al [&hellip;]<\/p>\n","protected":false},"author":1,"featured_media":0,"parent":0,"menu_order":0,"comment_status":"closed","ping_status":"open","template":"","meta":[],"_links":{"self":[{"href":"https:\/\/nuevasideas.es\/index.php\/wp-json\/wp\/v2\/pages\/3"}],"collection":[{"href":"https:\/\/nuevasideas.es\/index.php\/wp-json\/wp\/v2\/pages"}],"about":[{"href":"https:\/\/nuevasideas.es\/index.php\/wp-json\/wp\/v2\/types\/page"}],"author":[{"embeddable":true,"href":"https:\/\/nuevasideas.es\/index.php\/wp-json\/wp\/v2\/users\/1"}],"replies":[{"embeddable":true,"href":"https:\/\/nuevasideas.es\/index.php\/wp-json\/wp\/v2\/comments?post=3"}],"version-history":[{"count":1,"href":"https:\/\/nuevasideas.es\/index.php\/wp-json\/wp\/v2\/pages\/3\/revisions"}],"predecessor-version":[{"id":114,"href":"https:\/\/nuevasideas.es\/index.php\/wp-json\/wp\/v2\/pages\/3\/revisions\/114"}],"wp:attachment":[{"href":"https:\/\/nuevasideas.es\/index.php\/wp-json\/wp\/v2\/media?parent=3"}],"curies":[{"name":"wp","href":"https:\/\/api.w.org\/{rel}","templated":true}]}}